{"id":19,"date":"2020-05-01T09:10:54","date_gmt":"2020-05-01T07:10:54","guid":{"rendered":"http:\/\/bakes-media.com\/?page_id=19"},"modified":"2023-10-12T10:03:57","modified_gmt":"2023-10-12T08:03:57","slug":"impressum","status":"publish","type":"page","link":"https:\/\/bakes-media.com\/?page_id=19","title":{"rendered":"IMPRESSUM"},"content":{"rendered":"\t\t<div data-elementor-type=\"wp-page\" data-elementor-id=\"19\" class=\"elementor elementor-19\">\n\t\t\t\t\t\t<section class=\"elementor-section elementor-top-section elementor-element elementor-element-1f17fcf elementor-section-boxed elementor-section-height-default elementor-section-height-default\" data-id=\"1f17fcf\" data-element_type=\"section\" data-e-type=\"section\">\n\t\t\t\t\t\t<div class=\"elementor-container elementor-column-gap-default\">\n\t\t\t\t\t<div class=\"elementor-column elementor-col-100 elementor-top-column elementor-element elementor-element-ba9b83e\" data-id=\"ba9b83e\" data-element_type=\"column\" data-e-type=\"column\">\n\t\t\t<div class=\"elementor-widget-wrap elementor-element-populated\">\n\t\t\t\t\t\t<div class=\"elementor-element elementor-element-41a97c0 elementor-widget elementor-widget-text-editor\" data-id=\"41a97c0\" data-element_type=\"widget\" data-e-type=\"widget\" data-widget_type=\"text-editor.default\">\n\t\t\t\t<div class=\"elementor-widget-container\">\n\t\t\t\t\t\t\t\t\t<h1>IMPRESSUM<\/h1><p>Angaben gem\u00e4\u00df \u00a7 5 TMG<\/p><p>Bakes Media<br \/>Philipp Backes<br \/>Gneisenaustra\u00dfe 13<br \/>52068 Aachen<br \/>Telefon: +49 (0) 24141231085<br \/>E-Mail: <a href=\"mailto:Bakes.mediagroup@gmail.com\">Bakes.mediagroup@gmail.com<br \/><\/a>Umsatzsteuer-Identifikationsnummer gem\u00e4\u00df \u00a7 27 a\u00a0Umsatzsteuergesetz:<br \/>DE 5 201 515 6675<\/p><p>EU-Streitschlichtung Die Europ\u00e4ische Kommission stellt eine Plattform zur Online-Streitbeilegung (OS) bereit:<br \/><a style=\"font-family: Consolas, Monaco, monospace;\" href=\"https:\/\/ec.europa.eu\/consumers\/odr\">https:\/\/ec.europa.eu\/consumers\/odr<\/a><\/p><p>Unsere E-Mail-Adresse finden Sie oben im Impressum.<br \/>Verbraucherstreitbeilegung\/Universalschlichtungsstelle Wir sind nicht bereit oder verpflichtet, an Streitbeilegungsverfahren vor einer Verbraucherschlichtungsstelle teilzunehmen. Haftung f\u00fcr Inhalte Als Diensteanbieter sind wir gem\u00e4\u00df \u00a7 7 Abs.1 TMG f\u00fcr eigene Inhalte auf diesen Seiten nach den allgemeinen Gesetzen verantwortlich. Nach \u00a7\u00a7 8 bis 10 TMG sind wir als Diensteanbieter jedoch nicht verpflichtet, \u00fcbermittelte oder gespeicherte fremde Informationen zu \u00fcberwachen oder nach Umst\u00e4nden zu forschen, die auf eine rechtswidrige T\u00e4tigkeit hinweisen.<\/p>\t\t\t\t\t\t\t\t<\/div>\n\t\t\t\t<\/div>\n\t\t\t\t\t<\/div>\n\t\t<\/div>\n\t\t\t\t\t<\/div>\n\t\t<\/section>\n\t\t\t\t<\/div>\n\t\t","protected":false},"excerpt":{"rendered":"<p>IMPRESSUM Angaben gem\u00e4\u00df \u00a7 5 TMG Bakes MediaPhilipp BackesGneisenaustra\u00dfe 1352068 AachenTelefon: +49 (0) 24141231085E-Mail: Bakes.mediagroup@gmail.comUmsatzsteuer-Identifikationsnummer gem\u00e4\u00df \u00a7 27 a\u00a0Umsatzsteuergesetz:DE 5 201 515 6675 EU-Streitschlichtung Die Europ\u00e4ische Kommission stellt eine Plattform zur Online-Streitbeilegung (OS) bereit:https:\/\/ec.europa.eu\/consumers\/odr Unsere E-Mail-Adresse finden Sie oben im Impressum.Verbraucherstreitbeilegung\/Universalschlichtungsstelle Wir sind nicht bereit oder verpflichtet, an Streitbeilegungsverfahren vor einer Verbraucherschlichtungsstelle teilzunehmen. Haftung f\u00fcr&hellip;&nbsp;<a href=\"https:\/\/bakes-media.com\/?page_id=19\" rel=\"bookmark\">Weiterlesen &raquo;<span class=\"screen-reader-text\">IMPRESSUM<\/span><\/a><\/p>\n","protected":false},"author":1,"featured_media":0,"parent":127,"menu_order":0,"comment_status":"closed","ping_status":"closed","template":"page-templates\/template-pagebuilder-full-width.php","meta":{"neve_meta_sidebar":"","neve_meta_container":"","neve_meta_enable_content_width":"","neve_meta_content_width":0,"neve_meta_title_alignment":"","neve_meta_author_avatar":"","neve_post_elements_order":"","neve_meta_disable_header":"","neve_meta_disable_footer":"","neve_meta_disable_title":"","footnotes":""},"class_list":["post-19","page","type-page","status-publish","hentry"],"_links":{"self":[{"href":"https:\/\/bakes-media.com\/index.php?rest_route=\/wp\/v2\/pages\/19","targetHints":{"allow":["GET"]}}],"collection":[{"href":"https:\/\/bakes-media.com\/index.php?rest_route=\/wp\/v2\/pages"}],"about":[{"href":"https:\/\/bakes-media.com\/index.php?rest_route=\/wp\/v2\/types\/page"}],"author":[{"embeddable":true,"href":"https:\/\/bakes-media.com\/index.php?rest_route=\/wp\/v2\/users\/1"}],"replies":[{"embeddable":true,"href":"https:\/\/bakes-media.com\/index.php?rest_route=%2Fwp%2Fv2%2Fcomments&post=19"}],"version-history":[{"count":35,"href":"https:\/\/bakes-media.com\/index.php?rest_route=\/wp\/v2\/pages\/19\/revisions"}],"predecessor-version":[{"id":437,"href":"https:\/\/bakes-media.com\/index.php?rest_route=\/wp\/v2\/pages\/19\/revisions\/437"}],"up":[{"embeddable":true,"href":"https:\/\/bakes-media.com\/index.php?rest_route=\/wp\/v2\/pages\/127"}],"wp:attachment":[{"href":"https:\/\/bakes-media.com\/index.php?rest_route=%2Fwp%2Fv2%2Fmedia&parent=19"}],"curies":[{"name":"wp","href":"https:\/\/api.w.org\/{rel}","templated":true}]}}